{"id":22,"date":"2025-09-12T11:42:47","date_gmt":"2025-09-12T16:42:47","guid":{"rendered":"https:\/\/buscadordeestatusactualizar.info\/?page_id=22"},"modified":"2025-09-12T11:42:48","modified_gmt":"2025-09-12T16:42:48","slug":"sobre-nosotros","status":"publish","type":"page","link":"https:\/\/buscadordeestatusactualizar.info\/?page_id=22","title":{"rendered":"Sobre Nosotros"},"content":{"rendered":"\n<p><strong>Bienvenido a Buscador de Estatus<\/strong><\/p>\n\n\n\n<p>En Buscador de Estatus encontrar\u00e1s un espacio confiable y f\u00e1cil de usar para consultar informaci\u00f3n y actualizaciones sobre las Becas Benito Ju\u00e1rez y Becas Rita Cetina en M\u00e9xico.<\/p>\n\n\n\n<p>Queremos ser totalmente claros contigo: no somos un sitio oficial ni representamos a ninguna instituci\u00f3n del gobierno. Nuestro prop\u00f3sito es ayudarte a revisar tu estatus de beca de forma r\u00e1pida, sencilla y mantenerte informado sobre noticias, cambios y avisos importantes relacionados con estos programas de apoyo.<\/p>\n\n\n\n<p>En buscadordeestatusactualizar.info trabajamos para ofrecerte gu\u00edas pr\u00e1cticas, explicaciones f\u00e1ciles de entender y herramientas que te permitan no perder detalle sobre tu beca. Sabemos lo valioso que es este beneficio para los estudiantes y sus familias, por eso ponemos todo nuestro esfuerzo en hacer que la informaci\u00f3n est\u00e9 a tu alcance sin complicaciones.<\/p>\n\n\n\n<p>Si notas alg\u00fan dato incorrecto, tienes preguntas o simplemente deseas dejarnos un comentario, no dudes en escribirnos. Estamos aqu\u00ed para orientarte y acompa\u00f1arte en cada paso de tu consulta de beca.<\/p>\n","protected":false},"excerpt":{"rendered":"<p>Bienvenido a Buscador de Estatus En Buscador de Estatus encontrar\u00e1s un espacio confiable y f\u00e1cil de usar para consultar informaci\u00f3n y actualizaciones sobre las Becas Benito Ju\u00e1rez y Becas Rita Cetina en M\u00e9xico. Queremos ser totalmente claros contigo: no somos un sitio oficial ni representamos a ninguna instituci\u00f3n del gobierno. Nuestro prop\u00f3sito es ayudarte a&hellip;&nbsp;<a href=\"https:\/\/buscadordeestatusactualizar.info\/?page_id=22\" rel=\"bookmark\"><span class=\"screen-reader-text\">Sobre Nosotros<\/span><\/a><\/p>\n","protected":false},"author":1,"featured_media":0,"parent":0,"menu_order":0,"comment_status":"closed","ping_status":"closed","template":"","meta":{"neve_meta_sidebar":"","neve_meta_container":"","neve_meta_enable_content_width":"","neve_meta_content_width":0,"neve_meta_title_alignment":"","neve_meta_author_avatar":"","neve_post_elements_order":"","neve_meta_disable_header":"","neve_meta_disable_footer":"","neve_meta_disable_title":"","_themeisle_gutenberg_block_has_review":false,"footnotes":""},"class_list":["post-22","page","type-page","status-publish","hentry"],"yoast_head":"<!-- This site is optimized with the Yoast SEO plugin v25.9 - https:\/\/yoast.com\/wordpress\/plugins\/seo\/ -->\n<title>Sobre Nosotros<\/title>\n<meta name=\"robots\" content=\"index, follow, max-snippet:-1, max-image-preview:large, max-video-preview:-1\" \/>\n<link rel=\"canonical\" href=\"https:\/\/buscadordeestatusactualizar.info\/?page_id=22\" \/>\n<meta property=\"og:locale\" content=\"es_MX\" \/>\n<meta property=\"og:type\" content=\"article\" \/>\n<meta property=\"og:title\" content=\"Sobre Nosotros\" \/>\n<meta property=\"og:description\" content=\"Bienvenido a Buscador de Estatus En Buscador de Estatus encontrar\u00e1s un espacio confiable y f\u00e1cil de usar para consultar informaci\u00f3n y actualizaciones sobre las Becas Benito Ju\u00e1rez y Becas Rita Cetina en M\u00e9xico. Queremos ser totalmente claros contigo: no somos un sitio oficial ni representamos a ninguna instituci\u00f3n del gobierno. Nuestro prop\u00f3sito es ayudarte a&hellip;&nbsp;Sobre Nosotros\" \/>\n<meta property=\"og:url\" content=\"https:\/\/buscadordeestatusactualizar.info\/?page_id=22\" \/>\n<meta property=\"og:site_name\" content=\"Buscador De Estatus\" \/>\n<meta property=\"article:modified_time\" content=\"2025-09-12T16:42:48+00:00\" \/>\n<meta name=\"twitter:card\" content=\"summary_large_image\" \/>\n<meta name=\"twitter:label1\" content=\"Tiempo de lectura\" \/>\n\t<meta name=\"twitter:data1\" content=\"1 minuto\" \/>\n<script type=\"application\/ld+json\" class=\"yoast-schema-graph\">{\"@context\":\"https:\/\/schema.org\",\"@graph\":[{\"@type\":\"WebPage\",\"@id\":\"https:\/\/buscadordeestatusactualizar.info\/?page_id=22\",\"url\":\"https:\/\/buscadordeestatusactualizar.info\/?page_id=22\",\"name\":\"Sobre Nosotros\",\"isPartOf\":{\"@id\":\"https:\/\/buscadordeestatusactualizar.info\/#website\"},\"datePublished\":\"2025-09-12T16:42:47+00:00\",\"dateModified\":\"2025-09-12T16:42:48+00:00\",\"breadcrumb\":{\"@id\":\"https:\/\/buscadordeestatusactualizar.info\/?page_id=22#breadcrumb\"},\"inLanguage\":\"es\",\"potentialAction\":[{\"@type\":\"ReadAction\",\"target\":[\"https:\/\/buscadordeestatusactualizar.info\/?page_id=22\"]}]},{\"@type\":\"BreadcrumbList\",\"@id\":\"https:\/\/buscadordeestatusactualizar.info\/?page_id=22#breadcrumb\",\"itemListElement\":[{\"@type\":\"ListItem\",\"position\":1,\"name\":\"Home\",\"item\":\"https:\/\/buscadordeestatusactualizar.info\/\"},{\"@type\":\"ListItem\",\"position\":2,\"name\":\"Sobre Nosotros\"}]},{\"@type\":\"WebSite\",\"@id\":\"https:\/\/buscadordeestatusactualizar.info\/#website\",\"url\":\"https:\/\/buscadordeestatusactualizar.info\/\",\"name\":\"Buscador De Estatus\",\"description\":\"\",\"potentialAction\":[{\"@type\":\"SearchAction\",\"target\":{\"@type\":\"EntryPoint\",\"urlTemplate\":\"https:\/\/buscadordeestatusactualizar.info\/?s={search_term_string}\"},\"query-input\":{\"@type\":\"PropertyValueSpecification\",\"valueRequired\":true,\"valueName\":\"search_term_string\"}}],\"inLanguage\":\"es\"}]}<\/script>\n<!-- \/ Yoast SEO plugin. -->","yoast_head_json":{"title":"Sobre Nosotros","robots":{"index":"index","follow":"follow","max-snippet":"max-snippet:-1","max-image-preview":"max-image-preview:large","max-video-preview":"max-video-preview:-1"},"canonical":"https:\/\/buscadordeestatusactualizar.info\/?page_id=22","og_locale":"es_MX","og_type":"article","og_title":"Sobre Nosotros","og_description":"Bienvenido a Buscador de Estatus En Buscador de Estatus encontrar\u00e1s un espacio confiable y f\u00e1cil de usar para consultar informaci\u00f3n y actualizaciones sobre las Becas Benito Ju\u00e1rez y Becas Rita Cetina en M\u00e9xico. Queremos ser totalmente claros contigo: no somos un sitio oficial ni representamos a ninguna instituci\u00f3n del gobierno. Nuestro prop\u00f3sito es ayudarte a&hellip;&nbsp;Sobre Nosotros","og_url":"https:\/\/buscadordeestatusactualizar.info\/?page_id=22","og_site_name":"Buscador De Estatus","article_modified_time":"2025-09-12T16:42:48+00:00","twitter_card":"summary_large_image","twitter_misc":{"Tiempo de lectura":"1 minuto"},"schema":{"@context":"https:\/\/schema.org","@graph":[{"@type":"WebPage","@id":"https:\/\/buscadordeestatusactualizar.info\/?page_id=22","url":"https:\/\/buscadordeestatusactualizar.info\/?page_id=22","name":"Sobre Nosotros","isPartOf":{"@id":"https:\/\/buscadordeestatusactualizar.info\/#website"},"datePublished":"2025-09-12T16:42:47+00:00","dateModified":"2025-09-12T16:42:48+00:00","breadcrumb":{"@id":"https:\/\/buscadordeestatusactualizar.info\/?page_id=22#breadcrumb"},"inLanguage":"es","potentialAction":[{"@type":"ReadAction","target":["https:\/\/buscadordeestatusactualizar.info\/?page_id=22"]}]},{"@type":"BreadcrumbList","@id":"https:\/\/buscadordeestatusactualizar.info\/?page_id=22#breadcrumb","itemListElement":[{"@type":"ListItem","position":1,"name":"Home","item":"https:\/\/buscadordeestatusactualizar.info\/"},{"@type":"ListItem","position":2,"name":"Sobre Nosotros"}]},{"@type":"WebSite","@id":"https:\/\/buscadordeestatusactualizar.info\/#website","url":"https:\/\/buscadordeestatusactualizar.info\/","name":"Buscador De Estatus","description":"","potentialAction":[{"@type":"SearchAction","target":{"@type":"EntryPoint","urlTemplate":"https:\/\/buscadordeestatusactualizar.info\/?s={search_term_string}"},"query-input":{"@type":"PropertyValueSpecification","valueRequired":true,"valueName":"search_term_string"}}],"inLanguage":"es"}]}},"_links":{"self":[{"href":"https:\/\/buscadordeestatusactualizar.info\/index.php?rest_route=\/wp\/v2\/pages\/22","targetHints":{"allow":["GET"]}}],"collection":[{"href":"https:\/\/buscadordeestatusactualizar.info\/index.php?rest_route=\/wp\/v2\/pages"}],"about":[{"href":"https:\/\/buscadordeestatusactualizar.info\/index.php?rest_route=\/wp\/v2\/types\/page"}],"author":[{"embeddable":true,"href":"https:\/\/buscadordeestatusactualizar.info\/index.php?rest_route=\/wp\/v2\/users\/1"}],"replies":[{"embeddable":true,"href":"https:\/\/buscadordeestatusactualizar.info\/index.php?rest_route=%2Fwp%2Fv2%2Fcomments&post=22"}],"version-history":[{"count":1,"href":"https:\/\/buscadordeestatusactualizar.info\/index.php?rest_route=\/wp\/v2\/pages\/22\/revisions"}],"predecessor-version":[{"id":23,"href":"https:\/\/buscadordeestatusactualizar.info\/index.php?rest_route=\/wp\/v2\/pages\/22\/revisions\/23"}],"wp:attachment":[{"href":"https:\/\/buscadordeestatusactualizar.info\/index.php?rest_route=%2Fwp%2Fv2%2Fmedia&parent=22"}],"curies":[{"name":"wp","href":"https:\/\/api.w.org\/{rel}","templated":true}]}}