{"id":24,"date":"2025-09-12T11:49:10","date_gmt":"2025-09-12T16:49:10","guid":{"rendered":"https:\/\/buscadordeestatusactualizar.info\/?page_id=24"},"modified":"2025-09-12T11:49:12","modified_gmt":"2025-09-12T16:49:12","slug":"contacto","status":"publish","type":"page","link":"https:\/\/buscadordeestatusactualizar.info\/?page_id=24","title":{"rendered":"Contacto"},"content":{"rendered":"\n<p>Estamos aqu\u00ed para ayudarte con cualquier duda sobre tu beca o la informaci\u00f3n de nuestro sitio. Si detectas errores, necesitas orientaci\u00f3n o deseas recibir actualizaciones, cont\u00e1ctanos en cualquier momento. Tu opini\u00f3n es muy valiosa y nos permite mejorar. Escr\u00edbenos hoy, \u00a1te responderemos r\u00e1pidamente.<\/p>\n\n\n\n<p><strong>Contact@buscadordeestatusactualizar.info<\/strong><\/p>\n\n\n\n<div id=\"wp-block-themeisle-blocks-form-90a03384\" class=\"wp-block-themeisle-blocks-form\" data-option-name=\"bf9b28ff82ce323187abc5d0feb0d8f07ecd8436_90a03384\"><form class=\"otter-form__container\">\n<div id=\"wp-block-themeisle-blocks-form-input-69f55e34\" class=\"wp-block-themeisle-blocks-form-input\"><label for=\"wp-block-themeisle-blocks-form-input-69f55e34-input\" class=\"otter-form-input-label\"><span class=\"otter-form-input-label__label\">Nombre<\/span><span class=\"required\">*<\/span><\/label><input type=\"text\" id=\"wp-block-themeisle-blocks-form-input-69f55e34-input\" required class=\"otter-form-input\"\/><\/div>\n\n\n\n<div id=\"wp-block-themeisle-blocks-form-input-587d1e11\" class=\"wp-block-themeisle-blocks-form-input\"><label for=\"wp-block-themeisle-blocks-form-input-587d1e11-input\" class=\"otter-form-input-label\"><span class=\"otter-form-input-label__label\">Correo Electr\u00f3nico<\/span><span class=\"required\">*<\/span><\/label><input type=\"email\" id=\"wp-block-themeisle-blocks-form-input-587d1e11-input\" required class=\"otter-form-input\"\/><\/div>\n\n\n<div class=\"protection\" aria-hidden=\"true\"><input type=\"hidden\" id=\"wp-block-themeisle-blocks-form-90a03384_nonce_field\" name=\"wp-block-themeisle-blocks-form-90a03384_nonce_field\" value=\"5fa506f6a5\" \/><input type=\"hidden\" name=\"_wp_http_referer\" value=\"\/index.php?rest_route=%2Fwp%2Fv2%2Fpages%2F24\" \/><input class=\"o-anti-bot\" type=\"checkbox\"><\/div>\n\n\n<div id=\"wp-block-themeisle-blocks-form-textarea-e987dfab\" class=\"wp-block-themeisle-blocks-form-textarea\"><label for=\"wp-block-themeisle-blocks-form-textarea-e987dfab-input\" class=\"otter-form-textarea-label\"><span class=\"otter-form-textarea-label__label\">Mensaje<\/span><\/label><textarea id=\"wp-block-themeisle-blocks-form-textarea-e987dfab-input\" rows=\"10\" class=\"otter-form-textarea-input\"><\/textarea><\/div>\n\n\n\n<p class=\"has-extra-small-font-size\">You agree to receive email communication from us by submitting this form and understand that your contact information will be stored with us.<\/p>\n<div class=\"wp-block-button\"><button class=\"wp-block-button__link\" type=\"submit\">Submit<\/button><\/div><\/form><\/div>\n","protected":false},"excerpt":{"rendered":"<p>Estamos aqu\u00ed para ayudarte con cualquier duda sobre tu beca o la informaci\u00f3n de nuestro sitio. Si detectas errores, necesitas orientaci\u00f3n o deseas recibir actualizaciones, cont\u00e1ctanos en cualquier momento. Tu opini\u00f3n es muy valiosa y nos permite mejorar. Escr\u00edbenos hoy, \u00a1te responderemos r\u00e1pidamente. Contact@buscadordeestatusactualizar.info<\/p>\n","protected":false},"author":1,"featured_media":0,"parent":0,"menu_order":0,"comment_status":"closed","ping_status":"closed","template":"","meta":{"neve_meta_sidebar":"","neve_meta_container":"","neve_meta_enable_content_width":"","neve_meta_content_width":0,"neve_meta_title_alignment":"","neve_meta_author_avatar":"","neve_post_elements_order":"","neve_meta_disable_header":"","neve_meta_disable_footer":"","neve_meta_disable_title":"","_themeisle_gutenberg_block_has_review":false,"footnotes":""},"class_list":["post-24","page","type-page","status-publish","hentry"],"yoast_head":"<!-- This site is optimized with the Yoast SEO plugin v25.9 - https:\/\/yoast.com\/wordpress\/plugins\/seo\/ -->\n<title>Contacto<\/title>\n<meta name=\"robots\" content=\"index, follow, max-snippet:-1, max-image-preview:large, max-video-preview:-1\" \/>\n<link rel=\"canonical\" href=\"https:\/\/buscadordeestatusactualizar.info\/?page_id=24\" \/>\n<meta property=\"og:locale\" content=\"es_MX\" \/>\n<meta property=\"og:type\" content=\"article\" \/>\n<meta property=\"og:title\" content=\"Contacto\" \/>\n<meta property=\"og:description\" content=\"Estamos aqu\u00ed para ayudarte con cualquier duda sobre tu beca o la informaci\u00f3n de nuestro sitio. Si detectas errores, necesitas orientaci\u00f3n o deseas recibir actualizaciones, cont\u00e1ctanos en cualquier momento. Tu opini\u00f3n es muy valiosa y nos permite mejorar. Escr\u00edbenos hoy, \u00a1te responderemos r\u00e1pidamente. Contact@buscadordeestatusactualizar.info\" \/>\n<meta property=\"og:url\" content=\"https:\/\/buscadordeestatusactualizar.info\/?page_id=24\" \/>\n<meta property=\"og:site_name\" content=\"Buscador De Estatus\" \/>\n<meta property=\"article:modified_time\" content=\"2025-09-12T16:49:12+00:00\" \/>\n<meta name=\"twitter:card\" content=\"summary_large_image\" \/>\n<meta name=\"twitter:label1\" content=\"Tiempo de lectura\" \/>\n\t<meta name=\"twitter:data1\" content=\"1 minuto\" \/>\n<script type=\"application\/ld+json\" class=\"yoast-schema-graph\">{\"@context\":\"https:\/\/schema.org\",\"@graph\":[{\"@type\":\"WebPage\",\"@id\":\"https:\/\/buscadordeestatusactualizar.info\/?page_id=24\",\"url\":\"https:\/\/buscadordeestatusactualizar.info\/?page_id=24\",\"name\":\"Contacto\",\"isPartOf\":{\"@id\":\"https:\/\/buscadordeestatusactualizar.info\/#website\"},\"datePublished\":\"2025-09-12T16:49:10+00:00\",\"dateModified\":\"2025-09-12T16:49:12+00:00\",\"breadcrumb\":{\"@id\":\"https:\/\/buscadordeestatusactualizar.info\/?page_id=24#breadcrumb\"},\"inLanguage\":\"es\",\"potentialAction\":[{\"@type\":\"ReadAction\",\"target\":[\"https:\/\/buscadordeestatusactualizar.info\/?page_id=24\"]}]},{\"@type\":\"BreadcrumbList\",\"@id\":\"https:\/\/buscadordeestatusactualizar.info\/?page_id=24#breadcrumb\",\"itemListElement\":[{\"@type\":\"ListItem\",\"position\":1,\"name\":\"Home\",\"item\":\"https:\/\/buscadordeestatusactualizar.info\/\"},{\"@type\":\"ListItem\",\"position\":2,\"name\":\"Contacto\"}]},{\"@type\":\"WebSite\",\"@id\":\"https:\/\/buscadordeestatusactualizar.info\/#website\",\"url\":\"https:\/\/buscadordeestatusactualizar.info\/\",\"name\":\"Buscador De Estatus\",\"description\":\"\",\"potentialAction\":[{\"@type\":\"SearchAction\",\"target\":{\"@type\":\"EntryPoint\",\"urlTemplate\":\"https:\/\/buscadordeestatusactualizar.info\/?s={search_term_string}\"},\"query-input\":{\"@type\":\"PropertyValueSpecification\",\"valueRequired\":true,\"valueName\":\"search_term_string\"}}],\"inLanguage\":\"es\"}]}<\/script>\n<!-- \/ Yoast SEO plugin. -->","yoast_head_json":{"title":"Contacto","robots":{"index":"index","follow":"follow","max-snippet":"max-snippet:-1","max-image-preview":"max-image-preview:large","max-video-preview":"max-video-preview:-1"},"canonical":"https:\/\/buscadordeestatusactualizar.info\/?page_id=24","og_locale":"es_MX","og_type":"article","og_title":"Contacto","og_description":"Estamos aqu\u00ed para ayudarte con cualquier duda sobre tu beca o la informaci\u00f3n de nuestro sitio. Si detectas errores, necesitas orientaci\u00f3n o deseas recibir actualizaciones, cont\u00e1ctanos en cualquier momento. Tu opini\u00f3n es muy valiosa y nos permite mejorar. Escr\u00edbenos hoy, \u00a1te responderemos r\u00e1pidamente. Contact@buscadordeestatusactualizar.info","og_url":"https:\/\/buscadordeestatusactualizar.info\/?page_id=24","og_site_name":"Buscador De Estatus","article_modified_time":"2025-09-12T16:49:12+00:00","twitter_card":"summary_large_image","twitter_misc":{"Tiempo de lectura":"1 minuto"},"schema":{"@context":"https:\/\/schema.org","@graph":[{"@type":"WebPage","@id":"https:\/\/buscadordeestatusactualizar.info\/?page_id=24","url":"https:\/\/buscadordeestatusactualizar.info\/?page_id=24","name":"Contacto","isPartOf":{"@id":"https:\/\/buscadordeestatusactualizar.info\/#website"},"datePublished":"2025-09-12T16:49:10+00:00","dateModified":"2025-09-12T16:49:12+00:00","breadcrumb":{"@id":"https:\/\/buscadordeestatusactualizar.info\/?page_id=24#breadcrumb"},"inLanguage":"es","potentialAction":[{"@type":"ReadAction","target":["https:\/\/buscadordeestatusactualizar.info\/?page_id=24"]}]},{"@type":"BreadcrumbList","@id":"https:\/\/buscadordeestatusactualizar.info\/?page_id=24#breadcrumb","itemListElement":[{"@type":"ListItem","position":1,"name":"Home","item":"https:\/\/buscadordeestatusactualizar.info\/"},{"@type":"ListItem","position":2,"name":"Contacto"}]},{"@type":"WebSite","@id":"https:\/\/buscadordeestatusactualizar.info\/#website","url":"https:\/\/buscadordeestatusactualizar.info\/","name":"Buscador De Estatus","description":"","potentialAction":[{"@type":"SearchAction","target":{"@type":"EntryPoint","urlTemplate":"https:\/\/buscadordeestatusactualizar.info\/?s={search_term_string}"},"query-input":{"@type":"PropertyValueSpecification","valueRequired":true,"valueName":"search_term_string"}}],"inLanguage":"es"}]}},"_links":{"self":[{"href":"https:\/\/buscadordeestatusactualizar.info\/index.php?rest_route=\/wp\/v2\/pages\/24","targetHints":{"allow":["GET"]}}],"collection":[{"href":"https:\/\/buscadordeestatusactualizar.info\/index.php?rest_route=\/wp\/v2\/pages"}],"about":[{"href":"https:\/\/buscadordeestatusactualizar.info\/index.php?rest_route=\/wp\/v2\/types\/page"}],"author":[{"embeddable":true,"href":"https:\/\/buscadordeestatusactualizar.info\/index.php?rest_route=\/wp\/v2\/users\/1"}],"replies":[{"embeddable":true,"href":"https:\/\/buscadordeestatusactualizar.info\/index.php?rest_route=%2Fwp%2Fv2%2Fcomments&post=24"}],"version-history":[{"count":1,"href":"https:\/\/buscadordeestatusactualizar.info\/index.php?rest_route=\/wp\/v2\/pages\/24\/revisions"}],"predecessor-version":[{"id":25,"href":"https:\/\/buscadordeestatusactualizar.info\/index.php?rest_route=\/wp\/v2\/pages\/24\/revisions\/25"}],"wp:attachment":[{"href":"https:\/\/buscadordeestatusactualizar.info\/index.php?rest_route=%2Fwp%2Fv2%2Fmedia&parent=24"}],"curies":[{"name":"wp","href":"https:\/\/api.w.org\/{rel}","templated":true}]}}